{"id":1295,"date":"2024-08-05T15:43:57","date_gmt":"2024-08-05T18:43:57","guid":{"rendered":"http:\/\/mattzero.com.br\/?page_id=1295"},"modified":"2024-08-13T09:45:48","modified_gmt":"2024-08-13T12:45:48","slug":"conheca-o-saas","status":"publish","type":"page","link":"https:\/\/mattzero.com.br\/en_us\/conheca-o-saas\/","title":{"rendered":"Get to know SaaS"},"content":{"rendered":"<div data-elementor-type=\"wp-page\" data-elementor-id=\"1295\" class=\"elementor elementor-1295\" data-elementor-post-type=\"page\">\n\t\t\t\t<div class=\"elementor-element elementor-element-059c6f3 e-flex e-con-boxed wpr-particle-no wpr-jarallax-no wpr-parallax-no wpr-sticky-section-no e-con e-parent\" data-id=\"059c6f3\" data-element_type=\"container\">\n\t\t\t\t\t<div class=\"e-con-inner\">\n\t\t\t\t<div class=\"elementor-element elementor-element-cb295e4 elementor-widget elementor-widget-spacer\" data-id=\"cb295e4\" data-element_type=\"widget\" data-widget_type=\"spacer.default\">\n\t\t\t\t<div class=\"elementor-widget-container\">\n\t\t\t\t\t\t\t<div class=\"elementor-spacer\">\n\t\t\t<div class=\"elementor-spacer-inner\"><\/div>\n\t\t<\/div>\n\t\t\t\t\t\t<\/div>\n\t\t\t\t<\/div>\n\t\t\t\t<div class=\"elementor-element elementor-element-eea3bb8 elementor-widget elementor-widget-heading\" data-id=\"eea3bb8\" data-element_type=\"widget\" data-widget_type=\"heading.default\">\n\t\t\t\t<div class=\"elementor-widget-container\">\n\t\t\t\t\t<h2 class=\"elementor-heading-title elementor-size-default\">What is SaaS License Management?<\/h2>\t\t\t\t<\/div>\n\t\t\t\t<\/div>\n\t\t\t\t<div class=\"elementor-element elementor-element-9acb3bc elementor-widget elementor-widget-spacer\" data-id=\"9acb3bc\" data-element_type=\"widget\" data-widget_type=\"spacer.default\">\n\t\t\t\t<div class=\"elementor-widget-container\">\n\t\t\t\t\t\t\t<div class=\"elementor-spacer\">\n\t\t\t<div class=\"elementor-spacer-inner\"><\/div>\n\t\t<\/div>\n\t\t\t\t\t\t<\/div>\n\t\t\t\t<\/div>\n\t\t\t\t\t<\/div>\n\t\t\t\t<\/div>\n\t\t<div class=\"elementor-element elementor-element-9509554 e-flex e-con-boxed wpr-particle-no wpr-jarallax-no wpr-parallax-no wpr-sticky-section-no e-con e-parent\" data-id=\"9509554\" data-element_type=\"container\">\n\t\t\t\t\t<div class=\"e-con-inner\">\n\t\t<div class=\"elementor-element elementor-element-0221823 e-con-full e-flex wpr-particle-no wpr-jarallax-no wpr-parallax-no wpr-sticky-section-no e-con e-child\" data-id=\"0221823\" data-element_type=\"container\">\n\t\t\t\t<div class=\"elementor-element elementor-element-af1466e elementor-widget elementor-widget-image\" data-id=\"af1466e\" data-element_type=\"widget\" data-widget_type=\"image.default\">\n\t\t\t\t<div class=\"elementor-widget-container\">\n\t\t\t\t\t\t\t\t\t\t\t\t\t\t\t<img fetchpriority=\"high\" decoding=\"async\" width=\"800\" height=\"450\" src=\"https:\/\/mattzero.com.br\/wp-content\/uploads\/2024\/08\/2-1024x576.jpg\" class=\"attachment-large size-large wp-image-1348\" alt=\"\" srcset=\"https:\/\/mattzero.com.br\/wp-content\/uploads\/2024\/08\/2-1024x576.jpg 1024w, https:\/\/mattzero.com.br\/wp-content\/uploads\/2024\/08\/2-300x169.jpg 300w, https:\/\/mattzero.com.br\/wp-content\/uploads\/2024\/08\/2-768x432.jpg 768w, https:\/\/mattzero.com.br\/wp-content\/uploads\/2024\/08\/2-1536x864.jpg 1536w, https:\/\/mattzero.com.br\/wp-content\/uploads\/2024\/08\/2-18x10.jpg 18w, https:\/\/mattzero.com.br\/wp-content\/uploads\/2024\/08\/2.jpg 1920w\" sizes=\"(max-width: 800px) 100vw, 800px\" \/>\t\t\t\t\t\t\t\t\t\t\t\t\t\t\t<\/div>\n\t\t\t\t<\/div>\n\t\t\t\t<div class=\"elementor-element elementor-element-345c965 elementor-widget elementor-widget-text-editor\" data-id=\"345c965\" data-element_type=\"widget\" data-widget_type=\"text-editor.default\">\n\t\t\t\t<div class=\"elementor-widget-container\">\n\t\t\t\t\t\t\t\t\t<p><strong>Enhance your SaaS management strategy now<\/strong><\/p><p>As SaaS continues to grow in the enterprise, IT leaders and asset managers are faced with the challenge of managing an ever-growing list of cloud-based software.<\/p><p>To achieve this, SaaS license management solutions require software managers to identify all SaaS tools used in the organization, modernize and automate processes, optimize SaaS costs, and identify opportunities to consolidate and eliminate redundant services.<\/p><p>This eBook explores the most common challenges in SaaS management, highlights the essential elements of an effective SaaS license management solution, and provides guidance for asset managers to improve their SaaS license management strategies.<\/p><p>Fill out the form below and receive the complete ebook now!<\/p><p>Translated by MattZero from the original ServiceNow: What is SaaS License Management?<\/p>\t\t\t\t\t\t\t\t<\/div>\n\t\t\t\t<\/div>\n\t\t\t\t<\/div>\n\t\t<div class=\"elementor-element elementor-element-80bfdc3 e-con-full e-flex wpr-particle-no wpr-jarallax-no wpr-parallax-no wpr-sticky-section-no e-con e-child\" data-id=\"80bfdc3\" data-element_type=\"container\" data-settings=\"{&quot;background_background&quot;:&quot;classic&quot;}\">\n\t\t\t\t<div class=\"elementor-element elementor-element-dd8b67b elementor-widget elementor-widget-hubspot-form\" data-id=\"dd8b67b\" data-element_type=\"widget\" data-widget_type=\"hubspot-form.default\">\n\t\t\t\t<div class=\"elementor-widget-container\">\n\t\t\t\t\t\n\t\t\t\t\t<script>\n\t\t\t\t\t\twindow.hsFormsOnReady = window.hsFormsOnReady || [];\n\t\t\t\t\t\twindow.hsFormsOnReady.push(()=>{\n\t\t\t\t\t\t\thbspt.forms.create({\n\t\t\t\t\t\t\t\tportalId: 45472040,\n\t\t\t\t\t\t\t\tformId: \"007acb6e-a6a6-493a-ad97-b3adac367dad\",\n\t\t\t\t\t\t\t\ttarget: \"#hbspt-form-1775402776000-8476284575\",\n\t\t\t\t\t\t\t\tregion: \"na1\",\n\t\t\t\t\t\t\t\t\n\t\t\t\t\t\t})});\n\t\t\t\t\t<\/script>\n\t\t\t\t\t<div class=\"hbspt-form\" id=\"hbspt-form-1775402776000-8476284575\"><\/div>\t\t\t\t<\/div>\n\t\t\t\t<\/div>\n\t\t\t\t<\/div>\n\t\t\t\t\t<\/div>\n\t\t\t\t<\/div>\n\t\t<div class=\"elementor-element elementor-element-ab3bc3b e-flex e-con-boxed wpr-particle-no wpr-jarallax-no wpr-parallax-no wpr-sticky-section-no e-con e-parent\" data-id=\"ab3bc3b\" data-element_type=\"container\">\n\t\t\t\t\t<div class=\"e-con-inner\">\n\t\t\t\t<div class=\"elementor-element elementor-element-cf0af7a elementor-widget elementor-widget-spacer\" data-id=\"cf0af7a\" data-element_type=\"widget\" data-widget_type=\"spacer.default\">\n\t\t\t\t<div class=\"elementor-widget-container\">\n\t\t\t\t\t\t\t<div class=\"elementor-spacer\">\n\t\t\t<div class=\"elementor-spacer-inner\"><\/div>\n\t\t<\/div>\n\t\t\t\t\t\t<\/div>\n\t\t\t\t<\/div>\n\t\t\t\t\t<\/div>\n\t\t\t\t<\/div>\n\t\t\t\t<\/div>","protected":false},"excerpt":{"rendered":"<p>O que \u00e9 gerenciamento de licen\u00e7as SaaS? Aprimore sua estrat\u00e9gia de gerenciamento de SaaS agora Com o crescimento cont\u00ednuo do SaaS nas empresas, os l\u00edderes de TI e os gerentes de ativos enfrentam o desafio de administrar uma lista cada vez maior de softwares baseados na nuvem. Para isso, as solu\u00e7\u00f5es de gest\u00e3o de licen\u00e7as SaaS exigem que os gerentes de software identifiquem todas as ferramentas SaaS utilizadas na organiza\u00e7\u00e3o, modernizem e automatizem processos, otimizem os custos com SaaS e identifiquem oportunidades de consolidar e eliminar servi\u00e7os redundantes. Este ebook explora os desafios mais comuns na gest\u00e3o de SaaS, destaca os elementos essenciais para uma solu\u00e7\u00e3o eficaz de gest\u00e3o de licen\u00e7as SaaS e oferece orienta\u00e7\u00f5es para que os gerentes de ativos possam aprimorar suas estrat\u00e9gias de gest\u00e3o de licen\u00e7as SaaS. Preencha o formul\u00e1rio ao lado e receba agora o ebook completo! Traduzido por MattZero do original ServiceNow: What is SaaS License Management?<\/p>","protected":false},"author":11,"featured_media":0,"parent":0,"menu_order":0,"comment_status":"closed","ping_status":"closed","template":"elementor_header_footer","meta":{"content-type":"","footnotes":""},"class_list":["post-1295","page","type-page","status-publish","hentry"],"yoast_head":"<!-- This site is optimized with the Yoast SEO plugin v24.8.1 - https:\/\/yoast.com\/wordpress\/plugins\/seo\/ -->\n<title>Conhe\u00e7a o SaaS - MattZero - Reduza Custos. Mitigue Riscos. Tome A\u00e7\u00e3o em Assinaturas SaaS<\/title>\n<meta name=\"robots\" content=\"index, follow, max-snippet:-1, max-image-preview:large, max-video-preview:-1\" \/>\n<link rel=\"canonical\" href=\"https:\/\/mattzero.com.br\/en_us\/conheca-o-saas\/\" \/>\n<meta property=\"og:locale\" content=\"en_US\" \/>\n<meta property=\"og:type\" content=\"article\" \/>\n<meta property=\"og:title\" content=\"Conhe\u00e7a o SaaS - MattZero - Reduza Custos. Mitigue Riscos. Tome A\u00e7\u00e3o em Assinaturas SaaS\" \/>\n<meta property=\"og:description\" content=\"O que \u00e9 gerenciamento de licen\u00e7as SaaS? Aprimore sua estrat\u00e9gia de gerenciamento de SaaS agora Com o crescimento cont\u00ednuo do SaaS nas empresas, os l\u00edderes de TI e os gerentes de ativos enfrentam o desafio de administrar uma lista cada vez maior de softwares baseados na nuvem. Para isso, as solu\u00e7\u00f5es de gest\u00e3o de licen\u00e7as SaaS exigem que os gerentes de software identifiquem todas as ferramentas SaaS utilizadas na organiza\u00e7\u00e3o, modernizem e automatizem processos, otimizem os custos com SaaS e identifiquem oportunidades de consolidar e eliminar servi\u00e7os redundantes. Este ebook explora os desafios mais comuns na gest\u00e3o de SaaS, destaca os elementos essenciais para uma solu\u00e7\u00e3o eficaz de gest\u00e3o de licen\u00e7as SaaS e oferece orienta\u00e7\u00f5es para que os gerentes de ativos possam aprimorar suas estrat\u00e9gias de gest\u00e3o de licen\u00e7as SaaS. Preencha o formul\u00e1rio ao lado e receba agora o ebook completo! Traduzido por MattZero do original ServiceNow: What is SaaS License Management?\" \/>\n<meta property=\"og:url\" content=\"https:\/\/mattzero.com.br\/en_us\/conheca-o-saas\/\" \/>\n<meta property=\"og:site_name\" content=\"MattZero - Reduza Custos. Mitigue Riscos. Tome A\u00e7\u00e3o em Assinaturas SaaS\" \/>\n<meta property=\"article:publisher\" content=\"https:\/\/www.facebook.com\/mattzeroapp\" \/>\n<meta property=\"article:modified_time\" content=\"2024-08-13T12:45:48+00:00\" \/>\n<meta property=\"og:image\" content=\"http:\/\/mattzero.com.br\/wp-content\/uploads\/2024\/08\/2-1024x576.jpg\" \/>\n<meta name=\"twitter:card\" content=\"summary_large_image\" \/>\n<meta name=\"twitter:label1\" content=\"Est. reading time\" \/>\n\t<meta name=\"twitter:data1\" content=\"2 minutes\" \/>\n<script type=\"application\/ld+json\" class=\"yoast-schema-graph\">{\"@context\":\"https:\/\/schema.org\",\"@graph\":[{\"@type\":\"WebPage\",\"@id\":\"https:\/\/mattzero.com.br\/conheca-o-saas\/\",\"url\":\"https:\/\/mattzero.com.br\/conheca-o-saas\/\",\"name\":\"Conhe\u00e7a o SaaS - MattZero - Reduza Custos. Mitigue Riscos. Tome A\u00e7\u00e3o em Assinaturas SaaS\",\"isPartOf\":{\"@id\":\"https:\/\/mattzero.com.br\/#website\"},\"primaryImageOfPage\":{\"@id\":\"https:\/\/mattzero.com.br\/conheca-o-saas\/#primaryimage\"},\"image\":{\"@id\":\"https:\/\/mattzero.com.br\/conheca-o-saas\/#primaryimage\"},\"thumbnailUrl\":\"http:\/\/mattzero.com.br\/wp-content\/uploads\/2024\/08\/2-1024x576.jpg\",\"datePublished\":\"2024-08-05T18:43:57+00:00\",\"dateModified\":\"2024-08-13T12:45:48+00:00\",\"breadcrumb\":{\"@id\":\"https:\/\/mattzero.com.br\/conheca-o-saas\/#breadcrumb\"},\"inLanguage\":\"en-US\",\"potentialAction\":[{\"@type\":\"ReadAction\",\"target\":[\"https:\/\/mattzero.com.br\/conheca-o-saas\/\"]}]},{\"@type\":\"ImageObject\",\"inLanguage\":\"en-US\",\"@id\":\"https:\/\/mattzero.com.br\/conheca-o-saas\/#primaryimage\",\"url\":\"http:\/\/mattzero.com.br\/wp-content\/uploads\/2024\/08\/2-1024x576.jpg\",\"contentUrl\":\"http:\/\/mattzero.com.br\/wp-content\/uploads\/2024\/08\/2-1024x576.jpg\"},{\"@type\":\"BreadcrumbList\",\"@id\":\"https:\/\/mattzero.com.br\/conheca-o-saas\/#breadcrumb\",\"itemListElement\":[{\"@type\":\"ListItem\",\"position\":1,\"name\":\"In\u00edcio\",\"item\":\"https:\/\/mattzero.com.br\/\"},{\"@type\":\"ListItem\",\"position\":2,\"name\":\"Conhe\u00e7a o SaaS\"}]},{\"@type\":\"WebSite\",\"@id\":\"https:\/\/mattzero.com.br\/#website\",\"url\":\"https:\/\/mattzero.com.br\/\",\"name\":\"MattZero Gest\u00e3o SaaS\",\"description\":\"MattZero - Simplifique a Gest\u00e3o de Subscri\u00e7\u00f5es SaaS\",\"publisher\":{\"@id\":\"https:\/\/mattzero.com.br\/#organization\"},\"potentialAction\":[{\"@type\":\"SearchAction\",\"target\":{\"@type\":\"EntryPoint\",\"urlTemplate\":\"https:\/\/mattzero.com.br\/?s={search_term_string}\"},\"query-input\":{\"@type\":\"PropertyValueSpecification\",\"valueRequired\":true,\"valueName\":\"search_term_string\"}}],\"inLanguage\":\"en-US\"},{\"@type\":\"Organization\",\"@id\":\"https:\/\/mattzero.com.br\/#organization\",\"name\":\"MattZero Gest\u00e3o SaaS\",\"url\":\"https:\/\/mattzero.com.br\/\",\"logo\":{\"@type\":\"ImageObject\",\"inLanguage\":\"en-US\",\"@id\":\"https:\/\/mattzero.com.br\/#\/schema\/logo\/image\/\",\"url\":\"https:\/\/mattzero.com.br\/wp-content\/uploads\/2024\/02\/Logo-MattZero-Branco-1.png\",\"contentUrl\":\"https:\/\/mattzero.com.br\/wp-content\/uploads\/2024\/02\/Logo-MattZero-Branco-1.png\",\"width\":1002,\"height\":637,\"caption\":\"MattZero Gest\u00e3o SaaS\"},\"image\":{\"@id\":\"https:\/\/mattzero.com.br\/#\/schema\/logo\/image\/\"},\"sameAs\":[\"https:\/\/www.facebook.com\/mattzeroapp\",\"https:\/\/www.linkedin.com\/company\/mattzero\/\",\"https:\/\/www.instagram.com\/mattzeroapp\/\"]}]}<\/script>\n<!-- \/ Yoast SEO plugin. -->","yoast_head_json":{"title":"Conhe\u00e7a o SaaS - MattZero - Reduza Custos. Mitigue Riscos. Tome A\u00e7\u00e3o em Assinaturas SaaS","robots":{"index":"index","follow":"follow","max-snippet":"max-snippet:-1","max-image-preview":"max-image-preview:large","max-video-preview":"max-video-preview:-1"},"canonical":"https:\/\/mattzero.com.br\/en_us\/conheca-o-saas\/","og_locale":"en_US","og_type":"article","og_title":"Conhe\u00e7a o SaaS - MattZero - Reduza Custos. Mitigue Riscos. Tome A\u00e7\u00e3o em Assinaturas SaaS","og_description":"O que \u00e9 gerenciamento de licen\u00e7as SaaS? Aprimore sua estrat\u00e9gia de gerenciamento de SaaS agora Com o crescimento cont\u00ednuo do SaaS nas empresas, os l\u00edderes de TI e os gerentes de ativos enfrentam o desafio de administrar uma lista cada vez maior de softwares baseados na nuvem. Para isso, as solu\u00e7\u00f5es de gest\u00e3o de licen\u00e7as SaaS exigem que os gerentes de software identifiquem todas as ferramentas SaaS utilizadas na organiza\u00e7\u00e3o, modernizem e automatizem processos, otimizem os custos com SaaS e identifiquem oportunidades de consolidar e eliminar servi\u00e7os redundantes. Este ebook explora os desafios mais comuns na gest\u00e3o de SaaS, destaca os elementos essenciais para uma solu\u00e7\u00e3o eficaz de gest\u00e3o de licen\u00e7as SaaS e oferece orienta\u00e7\u00f5es para que os gerentes de ativos possam aprimorar suas estrat\u00e9gias de gest\u00e3o de licen\u00e7as SaaS. Preencha o formul\u00e1rio ao lado e receba agora o ebook completo! Traduzido por MattZero do original ServiceNow: What is SaaS License Management?","og_url":"https:\/\/mattzero.com.br\/en_us\/conheca-o-saas\/","og_site_name":"MattZero - Reduza Custos. Mitigue Riscos. Tome A\u00e7\u00e3o em Assinaturas SaaS","article_publisher":"https:\/\/www.facebook.com\/mattzeroapp","article_modified_time":"2024-08-13T12:45:48+00:00","og_image":[{"url":"http:\/\/mattzero.com.br\/wp-content\/uploads\/2024\/08\/2-1024x576.jpg","type":"","width":"","height":""}],"twitter_card":"summary_large_image","twitter_misc":{"Est. reading time":"2 minutes"},"schema":{"@context":"https:\/\/schema.org","@graph":[{"@type":"WebPage","@id":"https:\/\/mattzero.com.br\/conheca-o-saas\/","url":"https:\/\/mattzero.com.br\/conheca-o-saas\/","name":"Conhe\u00e7a o SaaS - MattZero - Reduza Custos. Mitigue Riscos. Tome A\u00e7\u00e3o em Assinaturas SaaS","isPartOf":{"@id":"https:\/\/mattzero.com.br\/#website"},"primaryImageOfPage":{"@id":"https:\/\/mattzero.com.br\/conheca-o-saas\/#primaryimage"},"image":{"@id":"https:\/\/mattzero.com.br\/conheca-o-saas\/#primaryimage"},"thumbnailUrl":"http:\/\/mattzero.com.br\/wp-content\/uploads\/2024\/08\/2-1024x576.jpg","datePublished":"2024-08-05T18:43:57+00:00","dateModified":"2024-08-13T12:45:48+00:00","breadcrumb":{"@id":"https:\/\/mattzero.com.br\/conheca-o-saas\/#breadcrumb"},"inLanguage":"en-US","potentialAction":[{"@type":"ReadAction","target":["https:\/\/mattzero.com.br\/conheca-o-saas\/"]}]},{"@type":"ImageObject","inLanguage":"en-US","@id":"https:\/\/mattzero.com.br\/conheca-o-saas\/#primaryimage","url":"http:\/\/mattzero.com.br\/wp-content\/uploads\/2024\/08\/2-1024x576.jpg","contentUrl":"http:\/\/mattzero.com.br\/wp-content\/uploads\/2024\/08\/2-1024x576.jpg"},{"@type":"BreadcrumbList","@id":"https:\/\/mattzero.com.br\/conheca-o-saas\/#breadcrumb","itemListElement":[{"@type":"ListItem","position":1,"name":"In\u00edcio","item":"https:\/\/mattzero.com.br\/"},{"@type":"ListItem","position":2,"name":"Conhe\u00e7a o SaaS"}]},{"@type":"WebSite","@id":"https:\/\/mattzero.com.br\/#website","url":"https:\/\/mattzero.com.br\/","name":"MattZero SaaS Management","description":"MattZero - Simplify SaaS Subscription Management","publisher":{"@id":"https:\/\/mattzero.com.br\/#organization"},"potentialAction":[{"@type":"SearchAction","target":{"@type":"EntryPoint","urlTemplate":"https:\/\/mattzero.com.br\/?s={search_term_string}"},"query-input":{"@type":"PropertyValueSpecification","valueRequired":true,"valueName":"search_term_string"}}],"inLanguage":"en-US"},{"@type":"Organization","@id":"https:\/\/mattzero.com.br\/#organization","name":"MattZero SaaS Management","url":"https:\/\/mattzero.com.br\/","logo":{"@type":"ImageObject","inLanguage":"en-US","@id":"https:\/\/mattzero.com.br\/#\/schema\/logo\/image\/","url":"https:\/\/mattzero.com.br\/wp-content\/uploads\/2024\/02\/Logo-MattZero-Branco-1.png","contentUrl":"https:\/\/mattzero.com.br\/wp-content\/uploads\/2024\/02\/Logo-MattZero-Branco-1.png","width":1002,"height":637,"caption":"MattZero Gest\u00e3o SaaS"},"image":{"@id":"https:\/\/mattzero.com.br\/#\/schema\/logo\/image\/"},"sameAs":["https:\/\/www.facebook.com\/mattzeroapp","https:\/\/www.linkedin.com\/company\/mattzero\/","https:\/\/www.instagram.com\/mattzeroapp\/"]}]}},"_links":{"self":[{"href":"https:\/\/mattzero.com.br\/en_us\/wp-json\/wp\/v2\/pages\/1295","targetHints":{"allow":["GET"]}}],"collection":[{"href":"https:\/\/mattzero.com.br\/en_us\/wp-json\/wp\/v2\/pages"}],"about":[{"href":"https:\/\/mattzero.com.br\/en_us\/wp-json\/wp\/v2\/types\/page"}],"author":[{"embeddable":true,"href":"https:\/\/mattzero.com.br\/en_us\/wp-json\/wp\/v2\/users\/11"}],"replies":[{"embeddable":true,"href":"https:\/\/mattzero.com.br\/en_us\/wp-json\/wp\/v2\/comments?post=1295"}],"version-history":[{"count":25,"href":"https:\/\/mattzero.com.br\/en_us\/wp-json\/wp\/v2\/pages\/1295\/revisions"}],"predecessor-version":[{"id":1354,"href":"https:\/\/mattzero.com.br\/en_us\/wp-json\/wp\/v2\/pages\/1295\/revisions\/1354"}],"wp:attachment":[{"href":"https:\/\/mattzero.com.br\/en_us\/wp-json\/wp\/v2\/media?parent=1295"}],"curies":[{"name":"wp","href":"https:\/\/api.w.org\/{rel}","templated":true}]}}