{"id":163,"date":"2024-02-15T14:57:41","date_gmt":"2024-02-15T17:57:41","guid":{"rendered":"http:\/\/mattzero.com.br\/?page_id=163"},"modified":"2025-05-23T14:35:37","modified_gmt":"2025-05-23T17:35:37","slug":"solicite-uma-demonstracao","status":"publish","type":"page","link":"https:\/\/mattzero.com.br\/en_us\/solicite-uma-demonstracao\/","title":{"rendered":"Request a Demo"},"content":{"rendered":"<div data-elementor-type=\"wp-page\" data-elementor-id=\"163\" class=\"elementor elementor-163\" data-elementor-post-type=\"page\">\n\t\t\t\t<div class=\"elementor-element elementor-element-0ea3207 e-flex e-con-boxed wpr-particle-no wpr-jarallax-no wpr-parallax-no wpr-sticky-section-no e-con e-parent\" data-id=\"0ea3207\" data-element_type=\"container\" data-settings=\"{&quot;background_background&quot;:&quot;classic&quot;}\">\n\t\t\t\t\t<div class=\"e-con-inner\">\n\t\t\t\t<div class=\"elementor-element elementor-element-70a9865 elementor-widget elementor-widget-heading\" data-id=\"70a9865\" data-element_type=\"widget\" data-widget_type=\"heading.default\">\n\t\t\t\t<div class=\"elementor-widget-container\">\n\t\t\t\t\t<h1 class=\"elementor-heading-title elementor-size-default\">Schedule a demo<\/h1>\t\t\t\t<\/div>\n\t\t\t\t<\/div>\n\t\t\t\t\t<\/div>\n\t\t\t\t<\/div>\n\t\t<div class=\"elementor-element elementor-element-bff6398 e-flex e-con-boxed wpr-particle-no wpr-jarallax-no wpr-parallax-no wpr-sticky-section-no e-con e-parent\" data-id=\"bff6398\" data-element_type=\"container\" data-settings=\"{&quot;background_background&quot;:&quot;classic&quot;}\">\n\t\t\t\t\t<div class=\"e-con-inner\">\n\t\t<div class=\"elementor-element elementor-element-c874562 e-con-full elementor-hidden-tablet elementor-hidden-mobile e-flex wpr-particle-no wpr-jarallax-no wpr-parallax-no wpr-sticky-section-no e-con e-child\" data-id=\"c874562\" data-element_type=\"container\">\n\t\t\t\t<div class=\"elementor-element elementor-element-2340e83 elementor-widget__width-initial elementor-widget-tablet__width-initial elementor-widget elementor-widget-text-editor\" data-id=\"2340e83\" data-element_type=\"widget\" data-widget_type=\"text-editor.default\">\n\t\t\t\t<div class=\"elementor-widget-container\">\n\t\t\t\t\t\t\t\t\t<p>Fill out the form and find out how MattZero can revolutionize SaaS management in your company. Our platform offers a complete and efficient approach to <span style=\"font-weight: bolder; color: var( --e-global-color-text ); text-align: var(--text-align);\">track back,\u00a0<\/span><strong style=\"color: var( --e-global-color-text ); text-align: var(--text-align);\">monitor and maintain SaaS in your organization\u00a0<\/strong><span style=\"color: var( --e-global-color-text ); text-align: var(--text-align);\">.<\/span><\/p><p>With a detailed view of your SaaS spend, you can make more informed decisions and optimize your licensing costs.<\/p><p>Choose a time below to schedule your demo and see how MattZero can drive efficiency and savings in your organization.<\/p>\t\t\t\t\t\t\t\t<\/div>\n\t\t\t\t<\/div>\n\t\t\t\t<div class=\"elementor-element elementor-element-b02239c elementor-widget__width-initial elementor-widget elementor-widget-image\" data-id=\"b02239c\" data-element_type=\"widget\" data-widget_type=\"image.default\">\n\t\t\t\t<div class=\"elementor-widget-container\">\n\t\t\t\t\t\t\t\t\t\t\t\t\t\t\t<img fetchpriority=\"high\" decoding=\"async\" width=\"800\" height=\"800\" src=\"https:\/\/mattzero.com.br\/wp-content\/uploads\/2024\/02\/visao-ativos-saas-1-1024x1024.png\" class=\"attachment-large size-large wp-image-166\" alt=\"metricas sobre ativos SaaS\" srcset=\"https:\/\/mattzero.com.br\/wp-content\/uploads\/2024\/02\/visao-ativos-saas-1-1024x1024.png 1024w, https:\/\/mattzero.com.br\/wp-content\/uploads\/2024\/02\/visao-ativos-saas-1-e1708020747214-150x150.png 150w\" sizes=\"(max-width: 800px) 100vw, 800px\" \/>\t\t\t\t\t\t\t\t\t\t\t\t\t\t\t<\/div>\n\t\t\t\t<\/div>\n\t\t\t\t<\/div>\n\t\t<div class=\"elementor-element elementor-element-d34d54d e-con-full e-flex wpr-particle-no wpr-jarallax-no wpr-parallax-no wpr-sticky-section-no e-con e-child\" data-id=\"d34d54d\" data-element_type=\"container\" data-settings=\"{&quot;background_background&quot;:&quot;classic&quot;}\">\n\t\t\t\t<div class=\"elementor-element elementor-element-3411e3e elementor-widget elementor-widget-html\" data-id=\"3411e3e\" data-element_type=\"widget\" data-widget_type=\"html.default\">\n\t\t\t\t<div class=\"elementor-widget-container\">\n\t\t\t\t\t<script charset=\"utf-8\" type=\"text\/javascript\" src=\"\/\/js.hsforms.net\/forms\/embed\/v2.js\"><\/script>\n<script>\n  hbspt.forms.create({\n    portalId: \"45472040\",\n    formId: \"eda49b36-7f0c-43f7-9561-ae5daa0b1877\",\n    region: \"na1\",\n    onFormSubmit: function($form) {\n      window.dataLayer = window.dataLayer || [];\n      window.dataLayer.push({\n        event: 'hubspotFormSubmitted'\n      });\n    }\n  });\n<\/script>\n\t\t\t\t<\/div>\n\t\t\t\t<\/div>\n\t\t\t\t<\/div>\n\t\t\t\t\t<\/div>\n\t\t\t\t<\/div>\n\t\t\t\t<\/div>","protected":false},"excerpt":{"rendered":"<p>Schedule a demo Fill out the form and discover how MattZero can revolutionize SaaS management in your company. Our platform offers a complete and efficient approach to track, monitor, and maintain SaaS in your organization. With a detailed view of your SaaS spend, you can make more informed decisions and optimize your licensing costs. Select a time below to schedule your demo and see how MattZero can drive efficiency and savings in your organization.<\/p>","protected":false},"author":11,"featured_media":0,"parent":0,"menu_order":0,"comment_status":"closed","ping_status":"closed","template":"elementor_header_footer","meta":{"content-type":"","footnotes":""},"class_list":["post-163","page","type-page","status-publish","hentry"],"yoast_head":"<!-- This site is optimized with the Yoast SEO plugin v24.8.1 - https:\/\/yoast.com\/wordpress\/plugins\/seo\/ -->\n<title>Solicite uma Demonstra\u00e7\u00e3o - MattZero - Reduza Custos. Mitigue Riscos. Tome A\u00e7\u00e3o em Assinaturas SaaS<\/title>\n<meta name=\"robots\" content=\"index, follow, max-snippet:-1, max-image-preview:large, max-video-preview:-1\" \/>\n<link rel=\"canonical\" href=\"https:\/\/mattzero.com.br\/en_us\/solicite-uma-demonstracao\/\" \/>\n<meta property=\"og:locale\" content=\"en_US\" \/>\n<meta property=\"og:type\" content=\"article\" \/>\n<meta property=\"og:title\" content=\"Solicite uma Demonstra\u00e7\u00e3o - MattZero - Reduza Custos. Mitigue Riscos. Tome A\u00e7\u00e3o em Assinaturas SaaS\" \/>\n<meta property=\"og:description\" content=\"Agende uma demonstra\u00e7\u00e3o Preencha o formul\u00e1rio e descubra como o MattZero pode revolucionar a gest\u00e3o SaaS em sua empresa. Nossa plataforma oferece uma abordagem completa e eficiente para rastrear,\u00a0monitorar e manter SaaS na sua organiza\u00e7\u00e3o\u00a0. Com uma vis\u00e3o detalhada de seu do seus gastos com SaaS, voc\u00ea poder\u00e1 tomar decis\u00f5es mais informadas e otimizar seus custos de licenciamento. Escolha um hor\u00e1rio ao lado para agendar sua demo e veja como o MattZero pode impulsionar a efici\u00eancia e a economia em sua organiza\u00e7\u00e3o.\" \/>\n<meta property=\"og:url\" content=\"https:\/\/mattzero.com.br\/en_us\/solicite-uma-demonstracao\/\" \/>\n<meta property=\"og:site_name\" content=\"MattZero - Reduza Custos. Mitigue Riscos. Tome A\u00e7\u00e3o em Assinaturas SaaS\" \/>\n<meta property=\"article:publisher\" content=\"https:\/\/www.facebook.com\/mattzeroapp\" \/>\n<meta property=\"article:modified_time\" content=\"2025-05-23T17:35:37+00:00\" \/>\n<meta property=\"og:image\" content=\"https:\/\/mattzero.com.br\/wp-content\/uploads\/2024\/02\/visao-ativos-saas-1-e1708020747214.png\" \/>\n\t<meta property=\"og:image:width\" content=\"984\" \/>\n\t<meta property=\"og:image:height\" content=\"894\" \/>\n\t<meta property=\"og:image:type\" content=\"image\/png\" \/>\n<meta name=\"twitter:card\" content=\"summary_large_image\" \/>\n<meta name=\"twitter:label1\" content=\"Est. reading time\" \/>\n\t<meta name=\"twitter:data1\" content=\"1 minute\" \/>\n<script type=\"application\/ld+json\" class=\"yoast-schema-graph\">{\"@context\":\"https:\/\/schema.org\",\"@graph\":[{\"@type\":\"WebPage\",\"@id\":\"https:\/\/mattzero.com.br\/solicite-uma-demonstracao\/\",\"url\":\"https:\/\/mattzero.com.br\/solicite-uma-demonstracao\/\",\"name\":\"Solicite uma Demonstra\u00e7\u00e3o - MattZero - Reduza Custos. Mitigue Riscos. Tome A\u00e7\u00e3o em Assinaturas SaaS\",\"isPartOf\":{\"@id\":\"https:\/\/mattzero.com.br\/#website\"},\"primaryImageOfPage\":{\"@id\":\"https:\/\/mattzero.com.br\/solicite-uma-demonstracao\/#primaryimage\"},\"image\":{\"@id\":\"https:\/\/mattzero.com.br\/solicite-uma-demonstracao\/#primaryimage\"},\"thumbnailUrl\":\"https:\/\/mattzero.com.br\/wp-content\/uploads\/2024\/02\/visao-ativos-saas-1-1024x1024.png\",\"datePublished\":\"2024-02-15T17:57:41+00:00\",\"dateModified\":\"2025-05-23T17:35:37+00:00\",\"breadcrumb\":{\"@id\":\"https:\/\/mattzero.com.br\/solicite-uma-demonstracao\/#breadcrumb\"},\"inLanguage\":\"en-US\",\"potentialAction\":[{\"@type\":\"ReadAction\",\"target\":[\"https:\/\/mattzero.com.br\/solicite-uma-demonstracao\/\"]}]},{\"@type\":\"ImageObject\",\"inLanguage\":\"en-US\",\"@id\":\"https:\/\/mattzero.com.br\/solicite-uma-demonstracao\/#primaryimage\",\"url\":\"https:\/\/mattzero.com.br\/wp-content\/uploads\/2024\/02\/visao-ativos-saas-1-1024x1024.png\",\"contentUrl\":\"https:\/\/mattzero.com.br\/wp-content\/uploads\/2024\/02\/visao-ativos-saas-1-1024x1024.png\"},{\"@type\":\"BreadcrumbList\",\"@id\":\"https:\/\/mattzero.com.br\/solicite-uma-demonstracao\/#breadcrumb\",\"itemListElement\":[{\"@type\":\"ListItem\",\"position\":1,\"name\":\"In\u00edcio\",\"item\":\"https:\/\/mattzero.com.br\/\"},{\"@type\":\"ListItem\",\"position\":2,\"name\":\"Solicite uma Demonstra\u00e7\u00e3o\"}]},{\"@type\":\"WebSite\",\"@id\":\"https:\/\/mattzero.com.br\/#website\",\"url\":\"https:\/\/mattzero.com.br\/\",\"name\":\"MattZero Gest\u00e3o SaaS\",\"description\":\"MattZero - Simplifique a Gest\u00e3o de Subscri\u00e7\u00f5es SaaS\",\"publisher\":{\"@id\":\"https:\/\/mattzero.com.br\/#organization\"},\"potentialAction\":[{\"@type\":\"SearchAction\",\"target\":{\"@type\":\"EntryPoint\",\"urlTemplate\":\"https:\/\/mattzero.com.br\/?s={search_term_string}\"},\"query-input\":{\"@type\":\"PropertyValueSpecification\",\"valueRequired\":true,\"valueName\":\"search_term_string\"}}],\"inLanguage\":\"en-US\"},{\"@type\":\"Organization\",\"@id\":\"https:\/\/mattzero.com.br\/#organization\",\"name\":\"MattZero Gest\u00e3o SaaS\",\"url\":\"https:\/\/mattzero.com.br\/\",\"logo\":{\"@type\":\"ImageObject\",\"inLanguage\":\"en-US\",\"@id\":\"https:\/\/mattzero.com.br\/#\/schema\/logo\/image\/\",\"url\":\"https:\/\/mattzero.com.br\/wp-content\/uploads\/2024\/02\/Logo-MattZero-Branco-1.png\",\"contentUrl\":\"https:\/\/mattzero.com.br\/wp-content\/uploads\/2024\/02\/Logo-MattZero-Branco-1.png\",\"width\":1002,\"height\":637,\"caption\":\"MattZero Gest\u00e3o SaaS\"},\"image\":{\"@id\":\"https:\/\/mattzero.com.br\/#\/schema\/logo\/image\/\"},\"sameAs\":[\"https:\/\/www.facebook.com\/mattzeroapp\",\"https:\/\/www.linkedin.com\/company\/mattzero\/\",\"https:\/\/www.instagram.com\/mattzeroapp\/\"]}]}<\/script>\n<!-- \/ Yoast SEO plugin. -->","yoast_head_json":{"title":"Solicite uma Demonstra\u00e7\u00e3o - MattZero - Reduza Custos. Mitigue Riscos. Tome A\u00e7\u00e3o em Assinaturas SaaS","robots":{"index":"index","follow":"follow","max-snippet":"max-snippet:-1","max-image-preview":"max-image-preview:large","max-video-preview":"max-video-preview:-1"},"canonical":"https:\/\/mattzero.com.br\/en_us\/solicite-uma-demonstracao\/","og_locale":"en_US","og_type":"article","og_title":"Solicite uma Demonstra\u00e7\u00e3o - MattZero - Reduza Custos. Mitigue Riscos. Tome A\u00e7\u00e3o em Assinaturas SaaS","og_description":"Agende uma demonstra\u00e7\u00e3o Preencha o formul\u00e1rio e descubra como o MattZero pode revolucionar a gest\u00e3o SaaS em sua empresa. Nossa plataforma oferece uma abordagem completa e eficiente para rastrear,\u00a0monitorar e manter SaaS na sua organiza\u00e7\u00e3o\u00a0. Com uma vis\u00e3o detalhada de seu do seus gastos com SaaS, voc\u00ea poder\u00e1 tomar decis\u00f5es mais informadas e otimizar seus custos de licenciamento. Escolha um hor\u00e1rio ao lado para agendar sua demo e veja como o MattZero pode impulsionar a efici\u00eancia e a economia em sua organiza\u00e7\u00e3o.","og_url":"https:\/\/mattzero.com.br\/en_us\/solicite-uma-demonstracao\/","og_site_name":"MattZero - Reduza Custos. Mitigue Riscos. Tome A\u00e7\u00e3o em Assinaturas SaaS","article_publisher":"https:\/\/www.facebook.com\/mattzeroapp","article_modified_time":"2025-05-23T17:35:37+00:00","og_image":[{"width":984,"height":894,"url":"https:\/\/mattzero.com.br\/wp-content\/uploads\/2024\/02\/visao-ativos-saas-1-e1708020747214.png","type":"image\/png"}],"twitter_card":"summary_large_image","twitter_misc":{"Est. reading time":"1 minute"},"schema":{"@context":"https:\/\/schema.org","@graph":[{"@type":"WebPage","@id":"https:\/\/mattzero.com.br\/solicite-uma-demonstracao\/","url":"https:\/\/mattzero.com.br\/solicite-uma-demonstracao\/","name":"Solicite uma Demonstra\u00e7\u00e3o - MattZero - Reduza Custos. Mitigue Riscos. Tome A\u00e7\u00e3o em Assinaturas SaaS","isPartOf":{"@id":"https:\/\/mattzero.com.br\/#website"},"primaryImageOfPage":{"@id":"https:\/\/mattzero.com.br\/solicite-uma-demonstracao\/#primaryimage"},"image":{"@id":"https:\/\/mattzero.com.br\/solicite-uma-demonstracao\/#primaryimage"},"thumbnailUrl":"https:\/\/mattzero.com.br\/wp-content\/uploads\/2024\/02\/visao-ativos-saas-1-1024x1024.png","datePublished":"2024-02-15T17:57:41+00:00","dateModified":"2025-05-23T17:35:37+00:00","breadcrumb":{"@id":"https:\/\/mattzero.com.br\/solicite-uma-demonstracao\/#breadcrumb"},"inLanguage":"en-US","potentialAction":[{"@type":"ReadAction","target":["https:\/\/mattzero.com.br\/solicite-uma-demonstracao\/"]}]},{"@type":"ImageObject","inLanguage":"en-US","@id":"https:\/\/mattzero.com.br\/solicite-uma-demonstracao\/#primaryimage","url":"https:\/\/mattzero.com.br\/wp-content\/uploads\/2024\/02\/visao-ativos-saas-1-1024x1024.png","contentUrl":"https:\/\/mattzero.com.br\/wp-content\/uploads\/2024\/02\/visao-ativos-saas-1-1024x1024.png"},{"@type":"BreadcrumbList","@id":"https:\/\/mattzero.com.br\/solicite-uma-demonstracao\/#breadcrumb","itemListElement":[{"@type":"ListItem","position":1,"name":"In\u00edcio","item":"https:\/\/mattzero.com.br\/"},{"@type":"ListItem","position":2,"name":"Solicite uma Demonstra\u00e7\u00e3o"}]},{"@type":"WebSite","@id":"https:\/\/mattzero.com.br\/#website","url":"https:\/\/mattzero.com.br\/","name":"MattZero SaaS Management","description":"MattZero - Simplify SaaS Subscription Management","publisher":{"@id":"https:\/\/mattzero.com.br\/#organization"},"potentialAction":[{"@type":"SearchAction","target":{"@type":"EntryPoint","urlTemplate":"https:\/\/mattzero.com.br\/?s={search_term_string}"},"query-input":{"@type":"PropertyValueSpecification","valueRequired":true,"valueName":"search_term_string"}}],"inLanguage":"en-US"},{"@type":"Organization","@id":"https:\/\/mattzero.com.br\/#organization","name":"MattZero SaaS Management","url":"https:\/\/mattzero.com.br\/","logo":{"@type":"ImageObject","inLanguage":"en-US","@id":"https:\/\/mattzero.com.br\/#\/schema\/logo\/image\/","url":"https:\/\/mattzero.com.br\/wp-content\/uploads\/2024\/02\/Logo-MattZero-Branco-1.png","contentUrl":"https:\/\/mattzero.com.br\/wp-content\/uploads\/2024\/02\/Logo-MattZero-Branco-1.png","width":1002,"height":637,"caption":"MattZero Gest\u00e3o SaaS"},"image":{"@id":"https:\/\/mattzero.com.br\/#\/schema\/logo\/image\/"},"sameAs":["https:\/\/www.facebook.com\/mattzeroapp","https:\/\/www.linkedin.com\/company\/mattzero\/","https:\/\/www.instagram.com\/mattzeroapp\/"]}]}},"_links":{"self":[{"href":"https:\/\/mattzero.com.br\/en_us\/wp-json\/wp\/v2\/pages\/163","targetHints":{"allow":["GET"]}}],"collection":[{"href":"https:\/\/mattzero.com.br\/en_us\/wp-json\/wp\/v2\/pages"}],"about":[{"href":"https:\/\/mattzero.com.br\/en_us\/wp-json\/wp\/v2\/types\/page"}],"author":[{"embeddable":true,"href":"https:\/\/mattzero.com.br\/en_us\/wp-json\/wp\/v2\/users\/11"}],"replies":[{"embeddable":true,"href":"https:\/\/mattzero.com.br\/en_us\/wp-json\/wp\/v2\/comments?post=163"}],"version-history":[{"count":91,"href":"https:\/\/mattzero.com.br\/en_us\/wp-json\/wp\/v2\/pages\/163\/revisions"}],"predecessor-version":[{"id":2982,"href":"https:\/\/mattzero.com.br\/en_us\/wp-json\/wp\/v2\/pages\/163\/revisions\/2982"}],"wp:attachment":[{"href":"https:\/\/mattzero.com.br\/en_us\/wp-json\/wp\/v2\/media?parent=163"}],"curies":[{"name":"wp","href":"https:\/\/api.w.org\/{rel}","templated":true}]}}