{"id":2218,"date":"2025-02-18T10:18:22","date_gmt":"2025-02-18T13:18:22","guid":{"rendered":"https:\/\/mattzero.com.br\/?page_id=2218"},"modified":"2025-02-18T10:24:38","modified_gmt":"2025-02-18T13:24:38","slug":"calculadora-roi","status":"publish","type":"page","link":"https:\/\/mattzero.com.br\/en_us\/calculadora-roi\/","title":{"rendered":"ROI calculator"},"content":{"rendered":"<div data-elementor-type=\"wp-page\" data-elementor-id=\"2218\" class=\"elementor elementor-2218\" data-elementor-post-type=\"page\">\n\t\t\t\t<div class=\"elementor-element elementor-element-8cd74ee e-flex e-con-boxed wpr-particle-no wpr-jarallax-no wpr-parallax-no wpr-sticky-section-no e-con e-parent\" data-id=\"8cd74ee\" data-element_type=\"container\">\n\t\t\t\t\t<div class=\"e-con-inner\">\n\t\t\t\t\t<\/div>\n\t\t\t\t<\/div>\n\t\t<div class=\"elementor-element elementor-element-b8c3413 e-flex e-con-boxed wpr-particle-no wpr-jarallax-no wpr-parallax-no wpr-sticky-section-no e-con e-parent\" data-id=\"b8c3413\" data-element_type=\"container\">\n\t\t\t\t\t<div class=\"e-con-inner\">\n\t\t\t\t<div class=\"elementor-element elementor-element-f0d8a33 elementor-widget__width-inherit elementor-widget-tablet__width-initial elementor-widget elementor-widget-html\" data-id=\"f0d8a33\" data-element_type=\"widget\" data-widget_type=\"html.default\">\n\t\t\t\t<div class=\"elementor-widget-container\">\n\t\t\t\t\t<!DOCTYPE html>\r\n<html lang=\"pt-BR\">\r\n\r\n<head>\r\n  <meta charset=\"UTF-8\">\r\n  <meta name=\"viewport\" content=\"width=device-width, initial-scale=1.0\">\r\n  <title>Calculadora ROI<\/title>\r\n  <link href=\"https:\/\/cdn.jsdelivr.net\/npm\/tailwindcss@2.2.19\/dist\/tailwind.min.css\" rel=\"stylesheet\">\r\n  <link href=\"https:\/\/fonts.googleapis.com\/css2?family=Poppins:wght@400;700&display=swap\" rel=\"stylesheet\">\r\n  <style>\r\n    body {\r\n      background-color: #f0f4f8;\r\n      font-family: 'Poppins', sans-serif;\r\n    }\r\n  <\/style>\r\n  <script type=\"text\/javascript\" id=\"hs-script-loader\" async defer src=\"\/\/js.hs-scripts.com\/45472040.js\">\r\n  <\/script>\r\n<\/head>\r\n\r\n<body class=\"bg-gray-100\">\r\n  <div class=\"mx-auto max-w-7xl p-6\">\r\n    <div class=\"bg-white p-12 rounded-lg shadow-lg\">\r\n      <p class=\"hidden\" id=\"roi\"><\/p>\r\n      <p class=\"hidden\" id=\"valorEconomizado\"><\/p>\r\n      <h2 class=\"text-2xl font-bold mb-4\">ROI Calculator<\/h2>\r\n      <form id=\"roiForm\" action=\"https:\/\/app.mattzero.com.br\/site\/calculator\/roi\" method=\"GET\" onsubmit=\"return handleSubmit(event)\">\r\n          \r\n        <input type=\"hidden\" name=\"ling\" id=\"ling\">\r\n\r\n        <div class=\"grid grid-cols-1 md:grid-cols-2 gap-4\">\r\n          <!-- First row -->\r\n          <div class=\"mb-4\">\r\n            <label for=\"name\" class=\"block text-sm font-medium text-gray-700\">Name:<\/label>\r\n            <input type=\"string\" id=\"name\" name=\"name\" required class=\"mt-1 block w-full px-3 py-2 border border-black               shadow-sm focus:outline-none focus:ring-indigo-500 focus:border-indigo-500 sm:text-sm\">\r\n          <\/div>\r\n          \r\n          <div class=\"mb-4\">\r\n            <label for=\"email\" class=\"block text-sm font-medium text-gray-700\">E-mail:<\/label>\r\n            <input type=\"string\" id=\"email\" name=\"email\" required class=\"mt-1 block w-full px-3 py-2 border border-black shadow-sm focus:outline-none focus:ring-indigo-500 focus:border-indigo-500 sm:text-sm\">\r\n          <\/div>\r\n        \r\n          <!-- Second row -->\r\n          <div class=\"mb-4\">\r\n            <label for=\"company\" class=\"block text-sm font-medium text-gray-700\">Enterprise:<\/label>\r\n            <input type=\"string\" id=\"company\" name=\"company\" required class=\"mt-1 block w-full px-3 py-2 border border-black shadow-sm focus:outline-none focus:ring-indigo-500 focus:border-indigo-500 sm:text-sm\">\r\n          <\/div>\r\n          \r\n          <div class=\"mb-4\">\r\n            <label for=\"num_employe\" class=\"block text-sm font-medium text-gray-700\">Number of employees:<\/label>\r\n            <input type=\"number\" id=\"num_employe\" name=\"num_employe\" required class=\"mt-1 block w-full px-3 py-2 border border-gray-300 rounded-md shadow-sm focus:outline-none focus:ring-indigo-500 focus:border-indigo-500 sm:text-sm\">\r\n          <\/div>\r\n        <\/div>\r\n\r\n        <div class=\"mb-4\">\r\n          <fieldset>\r\n            <legend class=\"block text-sm font-medium text-gray-700\">What SaaS does your company use?<\/legend>\r\n            <div class=\"mt-1 grid grid-cols-1 sm:grid-cols-2 md:grid-cols-3 lg:grid-cols-4 gap-4\">\r\n\r\n              <div>\r\n                <input type=\"checkbox\" id=\"saasAdobe\" name=\"saas\" value=\"Adobe\" class=\"focus:ring-indigo-500 h-4 w-4 text-indigo-600 border-gray-300 rounded\">\r\n                <label for=\"saasAdobe\" class=\"ml-2 text-sm text-gray-700\">Adobe<\/label>\r\n              <\/div>\r\n              <div>\r\n                <input type=\"checkbox\" id=\"saasAha\" name=\"saas\" value=\"Aha!\" class=\"focus:ring-indigo-500 h-4 w-4 text-indigo-600 border-gray-300 rounded\">\r\n                <label for=\"saasAha\" class=\"ml-2 text-sm text-gray-700\">Aha!<\/label>\r\n              <\/div>\r\n              <div>\r\n                <input type=\"checkbox\" id=\"saasAsana\" name=\"saas\" value=\"Asana\" class=\"focus:ring-indigo-500 h-4 w-4 text-indigo-600 border-gray-300 rounded\">\r\n                <label for=\"saasAsana\" class=\"ml-2 text-sm text-gray-700\">Asana<\/label>\r\n              <\/div>\r\n              <div>\r\n                <input type=\"checkbox\" id=\"saasAtlassian\" name=\"saas\" value=\"Atlassian\" class=\"focus:ring-indigo-500 h-4 w-4 text-indigo-600 border-gray-300 rounded\">\r\n                <label for=\"saasAtlassian\" class=\"ml-2 text-sm text-gray-700\">Atlassian<\/label>\r\n              <\/div>\r\n              <div>\r\n                <input type=\"checkbox\" id=\"saasCanva\" name=\"saas\" value=\"Canva\" class=\"focus:ring-indigo-500 h-4 w-4 text-indigo-600 border-gray-300 rounded\">\r\n                <label for=\"saasCanva\" class=\"ml-2 text-sm text-gray-700\">Canva<\/label>\r\n              <\/div>\r\n              <div>\r\n                <input type=\"checkbox\" id=\"saasDocusign\" name=\"saas\" value=\"Docusign\" class=\"focus:ring-indigo-500 h-4 w-4 text-indigo-600 border-gray-300 rounded\">\r\n                <label for=\"saasDocusign\" class=\"ml-2 text-sm text-gray-700\">Docusign<\/label>\r\n              <\/div>\r\n              <div>\r\n                <input type=\"checkbox\" id=\"saasFigma\" name=\"saas\" value=\"Figma\" class=\"focus:ring-indigo-500 h-4 w-4 text-indigo-600 border-gray-300 rounded\">\r\n                <label for=\"saasFigma\" class=\"ml-2 text-sm text-gray-700\">Figma<\/label>\r\n              <\/div>\r\n              <div>\r\n                <input type=\"checkbox\" id=\"saasGoogleWorkspace\" name=\"saas\" value=\"Google Workspace\" class=\"focus:ring-indigo-500 h-4 w-4 text-indigo-600 border-gray-300 rounded\">\r\n                <label for=\"saasGoogleWorkspace\" class=\"ml-2 text-sm text-gray-700\">Google Workspace<\/label>\r\n              <\/div>\r\n              <div>\r\n                <input type=\"checkbox\" id=\"saasHubSpot\" name=\"saas\" value=\"HubSpot\" class=\"focus:ring-indigo-500 h-4 w-4 text-indigo-600 border-gray-300 rounded\">\r\n                <label for=\"saasHubSpot\" class=\"ml-2 text-sm text-gray-700\">HubSpot<\/label>\r\n              <\/div>\r\n              <div>\r\n                <input type=\"checkbox\" id=\"saasMicrosoft365\" name=\"saas\" value=\"Microsoft 365\" class=\"focus:ring-indigo-500 h-4 w-4 text-indigo-600 border-gray-300 rounded\">\r\n                <label for=\"saasMicrosoft365\" class=\"ml-2 text-sm text-gray-700\">Microsoft 365<\/label>\r\n              <\/div>\r\n              <div>\r\n                <input type=\"checkbox\" id=\"saasSalesforce\" name=\"saas\" value=\"Salesforce\" class=\"focus:ring-indigo-500 h-4 w-4 text-indigo-600 border-gray-300 rounded\">\r\n                <label for=\"saasSalesforce\" class=\"ml-2 text-sm text-gray-700\">Salesforce<\/label>\r\n              <\/div>\r\n              <div>\r\n                <input type=\"checkbox\" id=\"saasServiceNow\" name=\"saas\" value=\"ServiceNow\" class=\"focus:ring-indigo-500 h-4 w-4 text-indigo-600 border-gray-300 rounded\">\r\n                <label for=\"saasServiceNow\" class=\"ml-2 text-sm text-gray-700\">ServiceNow<\/label>\r\n              <\/div>\r\n              <div>\r\n                <input type=\"checkbox\" id=\"saasSlack\" name=\"saas\" value=\"Slack\" class=\"focus:ring-indigo-500 h-4 w-4 text-indigo-600 border-gray-300 rounded\">\r\n                <label for=\"saasSlack\" class=\"ml-2 text-sm text-gray-700\">Slack<\/label>\r\n              <\/div>\r\n              <div>\r\n                <input type=\"checkbox\" id=\"saasTrello\" name=\"saas\" value=\"Trello\" class=\"focus:ring-indigo-500 h-4 w-4 text-indigo-600 border-gray-300 rounded\">\r\n                <label for=\"saasTrello\" class=\"ml-2 text-sm text-gray-700\">Trello<\/label>\r\n              <\/div>\r\n              <div>\r\n                <input type=\"checkbox\" id=\"saaszendesk\" name=\"saas\" value=\"Zendesk\" class=\"focus:ring-indigo-500 h-4 w-4 text-indigo-600 border-gray-300 rounded\">\r\n                <label for=\"saaszendesk\" class=\"ml-2 text-sm text-gray-700\">Zendesk<\/label>\r\n              <\/div>\r\n              <div>\r\n                <input type=\"checkbox\" id=\"saasZoom\" name=\"saas\" value=\"Zoom\" class=\"focus:ring-indigo-500 h-4 w-4 text-indigo-600 border-gray-300 rounded\">\r\n                <label for=\"saasZoom\" class=\"ml-2 text-sm text-gray-700\">Zoom<\/label>\r\n              <\/div>\r\n            <\/div>\r\n          <\/fieldset>\r\n        <\/div>\r\n\r\n        <div class=\"mb-4\">\r\n          <label for=\"spend_with_saas\" class=\"block text-sm font-medium text-gray-700\">Investment in SaaS (R$):<\/label>\r\n          <input type=\"number\" id=\"spend_with_saas\" name=\"spend_with_saas\" step=\"0.01\" class=\"mt-1 block w-full px-3 py-2 border border-gray-300 rounded-md shadow-sm focus:outline-none focus:ring-indigo-500 focus:border-indigo-500 sm:text-sm\">\r\n        <\/div>\r\n\r\n        <button type=\"submit\" class=\"w-full bg-blue-500 hover:bg-blue-700 text-white font-bold py-2 px-4 rounded focus:outline-none focus:shadow-outline\">Calculate ROI<\/button>\r\n      <\/form>\r\n      \r\n      <script type=\"text\/javascript\">\r\n            document.addEventListener('DOMContentLoaded', function() {\r\n                var ling = document.documentElement.lang; \/\/ Get the page language\r\n        \r\n                var languageField = document.querySelector('[name=\"ling\"]'); \/\/ Find the hidden input field\r\n        \r\n                \/\/ Check if the language is pt-BR and set \"port\" for Portuguese\r\n                if (ling === \"pt-BR\" && languageField) {\r\n                    languageField.value = \"port\";\r\n                }\r\n                \/\/ Check if the language is en-US and set \"ing\" for English\r\n                else if (ling === \"en-US\" && languageField) {\r\n                    languageField.value = \"ing\";\r\n                }\r\n                \/\/ Otherwise, set the field to the actual language code\r\n                else if (languageField) {\r\n                    languageField.value = ling;\r\n                }\r\n            });\r\n        <\/script>\r\n    <\/div>\r\n  <\/div>\r\n\r\n  <script>\r\n    async function handleSubmit(event) {\r\n      event.preventDefault();\r\n      const form = document.getElementById('roiForm');\r\n      const formData = new FormData(form);\r\n      const url = form.action + '?' + new URLSearchParams(formData).toString();\r\n\r\n      try {\r\n        const response = await fetch(url);\r\n        const data = await response.json();\r\n\r\n        if (data.roi.roi === 0) {\r\n          window.location.href = \"https:\/\/mattzero.com.br\/roi-agradecimento\/\"; \r\n        } else {\r\n          window.location.href = \"https:\/\/mattzero.com.br\/roi-concluido\/\"; \r\n        }\r\n      } catch (error) {\r\n        console.error('Erro ao processar o formul\u00e1rio:', error);\r\n      }\r\n      return false;\r\n    }\r\n  <\/script>\r\n\r\n<\/body>\r\n\r\n<\/html>\r\n\t\t\t\t<\/div>\n\t\t\t\t<\/div>\n\t\t\t\t\t<\/div>\n\t\t\t\t<\/div>\n\t\t\t\t<\/div>","protected":false},"excerpt":{"rendered":"<p>Calculadora ROI Calculadora ROI Nome: Email: Empresa: Quantidade de empregado: Quais SaaS sua empresa utiliza? Adobe Aha! Asana Atlassian Canva Docusign Figma Google Workspace HubSpot Microsoft 365 Salesforce ServiceNow Slack Trello Zendesk Zoom Investimento em SaaS (R$): Calcular ROI<\/p>","protected":false},"author":9,"featured_media":0,"parent":0,"menu_order":0,"comment_status":"closed","ping_status":"closed","template":"","meta":{"content-type":"","footnotes":""},"class_list":["post-2218","page","type-page","status-publish","hentry"],"yoast_head":"<!-- This site is optimized with the Yoast SEO plugin v24.8.1 - https:\/\/yoast.com\/wordpress\/plugins\/seo\/ -->\n<title>calculadora-roi - MattZero - Reduza Custos. Mitigue Riscos. Tome A\u00e7\u00e3o em Assinaturas SaaS<\/title>\n<meta name=\"robots\" content=\"index, follow, max-snippet:-1, max-image-preview:large, max-video-preview:-1\" \/>\n<link rel=\"canonical\" href=\"https:\/\/mattzero.com.br\/en_us\/calculadora-roi\/\" \/>\n<meta property=\"og:locale\" content=\"en_US\" \/>\n<meta property=\"og:type\" content=\"article\" \/>\n<meta property=\"og:title\" content=\"calculadora-roi - MattZero - Reduza Custos. Mitigue Riscos. Tome A\u00e7\u00e3o em Assinaturas SaaS\" \/>\n<meta property=\"og:description\" content=\"Calculadora ROI Calculadora ROI Nome: Email: Empresa: Quantidade de empregado: Quais SaaS sua empresa utiliza? Adobe Aha! Asana Atlassian Canva Docusign Figma Google Workspace HubSpot Microsoft 365 Salesforce ServiceNow Slack Trello Zendesk Zoom Investimento em SaaS (R$): Calcular ROI\" \/>\n<meta property=\"og:url\" content=\"https:\/\/mattzero.com.br\/en_us\/calculadora-roi\/\" \/>\n<meta property=\"og:site_name\" content=\"MattZero - Reduza Custos. Mitigue Riscos. Tome A\u00e7\u00e3o em Assinaturas SaaS\" \/>\n<meta property=\"article:publisher\" content=\"https:\/\/www.facebook.com\/mattzeroapp\" \/>\n<meta property=\"article:modified_time\" content=\"2025-02-18T13:24:38+00:00\" \/>\n<meta name=\"twitter:card\" content=\"summary_large_image\" \/>\n<meta name=\"twitter:label1\" content=\"Est. reading time\" \/>\n\t<meta name=\"twitter:data1\" content=\"1 minute\" \/>\n<script type=\"application\/ld+json\" class=\"yoast-schema-graph\">{\"@context\":\"https:\/\/schema.org\",\"@graph\":[{\"@type\":\"WebPage\",\"@id\":\"https:\/\/mattzero.com.br\/calculadora-roi\/\",\"url\":\"https:\/\/mattzero.com.br\/calculadora-roi\/\",\"name\":\"calculadora-roi - MattZero - Reduza Custos. Mitigue Riscos. Tome A\u00e7\u00e3o em Assinaturas SaaS\",\"isPartOf\":{\"@id\":\"https:\/\/mattzero.com.br\/#website\"},\"datePublished\":\"2025-02-18T13:18:22+00:00\",\"dateModified\":\"2025-02-18T13:24:38+00:00\",\"breadcrumb\":{\"@id\":\"https:\/\/mattzero.com.br\/calculadora-roi\/#breadcrumb\"},\"inLanguage\":\"en-US\",\"potentialAction\":[{\"@type\":\"ReadAction\",\"target\":[\"https:\/\/mattzero.com.br\/calculadora-roi\/\"]}]},{\"@type\":\"BreadcrumbList\",\"@id\":\"https:\/\/mattzero.com.br\/calculadora-roi\/#breadcrumb\",\"itemListElement\":[{\"@type\":\"ListItem\",\"position\":1,\"name\":\"In\u00edcio\",\"item\":\"https:\/\/mattzero.com.br\/\"},{\"@type\":\"ListItem\",\"position\":2,\"name\":\"calculadora-roi\"}]},{\"@type\":\"WebSite\",\"@id\":\"https:\/\/mattzero.com.br\/#website\",\"url\":\"https:\/\/mattzero.com.br\/\",\"name\":\"MattZero Gest\u00e3o SaaS\",\"description\":\"MattZero - Simplifique a Gest\u00e3o de Subscri\u00e7\u00f5es SaaS\",\"publisher\":{\"@id\":\"https:\/\/mattzero.com.br\/#organization\"},\"potentialAction\":[{\"@type\":\"SearchAction\",\"target\":{\"@type\":\"EntryPoint\",\"urlTemplate\":\"https:\/\/mattzero.com.br\/?s={search_term_string}\"},\"query-input\":{\"@type\":\"PropertyValueSpecification\",\"valueRequired\":true,\"valueName\":\"search_term_string\"}}],\"inLanguage\":\"en-US\"},{\"@type\":\"Organization\",\"@id\":\"https:\/\/mattzero.com.br\/#organization\",\"name\":\"MattZero Gest\u00e3o SaaS\",\"url\":\"https:\/\/mattzero.com.br\/\",\"logo\":{\"@type\":\"ImageObject\",\"inLanguage\":\"en-US\",\"@id\":\"https:\/\/mattzero.com.br\/#\/schema\/logo\/image\/\",\"url\":\"https:\/\/mattzero.com.br\/wp-content\/uploads\/2024\/02\/Logo-MattZero-Branco-1.png\",\"contentUrl\":\"https:\/\/mattzero.com.br\/wp-content\/uploads\/2024\/02\/Logo-MattZero-Branco-1.png\",\"width\":1002,\"height\":637,\"caption\":\"MattZero Gest\u00e3o SaaS\"},\"image\":{\"@id\":\"https:\/\/mattzero.com.br\/#\/schema\/logo\/image\/\"},\"sameAs\":[\"https:\/\/www.facebook.com\/mattzeroapp\",\"https:\/\/www.linkedin.com\/company\/mattzero\/\",\"https:\/\/www.instagram.com\/mattzeroapp\/\"]}]}<\/script>\n<!-- \/ Yoast SEO plugin. -->","yoast_head_json":{"title":"calculadora-roi - MattZero - Reduza Custos. Mitigue Riscos. Tome A\u00e7\u00e3o em Assinaturas SaaS","robots":{"index":"index","follow":"follow","max-snippet":"max-snippet:-1","max-image-preview":"max-image-preview:large","max-video-preview":"max-video-preview:-1"},"canonical":"https:\/\/mattzero.com.br\/en_us\/calculadora-roi\/","og_locale":"en_US","og_type":"article","og_title":"calculadora-roi - MattZero - Reduza Custos. Mitigue Riscos. Tome A\u00e7\u00e3o em Assinaturas SaaS","og_description":"Calculadora ROI Calculadora ROI Nome: Email: Empresa: Quantidade de empregado: Quais SaaS sua empresa utiliza? Adobe Aha! Asana Atlassian Canva Docusign Figma Google Workspace HubSpot Microsoft 365 Salesforce ServiceNow Slack Trello Zendesk Zoom Investimento em SaaS (R$): Calcular ROI","og_url":"https:\/\/mattzero.com.br\/en_us\/calculadora-roi\/","og_site_name":"MattZero - Reduza Custos. Mitigue Riscos. Tome A\u00e7\u00e3o em Assinaturas SaaS","article_publisher":"https:\/\/www.facebook.com\/mattzeroapp","article_modified_time":"2025-02-18T13:24:38+00:00","twitter_card":"summary_large_image","twitter_misc":{"Est. reading time":"1 minute"},"schema":{"@context":"https:\/\/schema.org","@graph":[{"@type":"WebPage","@id":"https:\/\/mattzero.com.br\/calculadora-roi\/","url":"https:\/\/mattzero.com.br\/calculadora-roi\/","name":"calculadora-roi - MattZero - Reduza Custos. Mitigue Riscos. Tome A\u00e7\u00e3o em Assinaturas SaaS","isPartOf":{"@id":"https:\/\/mattzero.com.br\/#website"},"datePublished":"2025-02-18T13:18:22+00:00","dateModified":"2025-02-18T13:24:38+00:00","breadcrumb":{"@id":"https:\/\/mattzero.com.br\/calculadora-roi\/#breadcrumb"},"inLanguage":"en-US","potentialAction":[{"@type":"ReadAction","target":["https:\/\/mattzero.com.br\/calculadora-roi\/"]}]},{"@type":"BreadcrumbList","@id":"https:\/\/mattzero.com.br\/calculadora-roi\/#breadcrumb","itemListElement":[{"@type":"ListItem","position":1,"name":"In\u00edcio","item":"https:\/\/mattzero.com.br\/"},{"@type":"ListItem","position":2,"name":"calculadora-roi"}]},{"@type":"WebSite","@id":"https:\/\/mattzero.com.br\/#website","url":"https:\/\/mattzero.com.br\/","name":"MattZero SaaS Management","description":"MattZero - Simplify SaaS Subscription Management","publisher":{"@id":"https:\/\/mattzero.com.br\/#organization"},"potentialAction":[{"@type":"SearchAction","target":{"@type":"EntryPoint","urlTemplate":"https:\/\/mattzero.com.br\/?s={search_term_string}"},"query-input":{"@type":"PropertyValueSpecification","valueRequired":true,"valueName":"search_term_string"}}],"inLanguage":"en-US"},{"@type":"Organization","@id":"https:\/\/mattzero.com.br\/#organization","name":"MattZero SaaS Management","url":"https:\/\/mattzero.com.br\/","logo":{"@type":"ImageObject","inLanguage":"en-US","@id":"https:\/\/mattzero.com.br\/#\/schema\/logo\/image\/","url":"https:\/\/mattzero.com.br\/wp-content\/uploads\/2024\/02\/Logo-MattZero-Branco-1.png","contentUrl":"https:\/\/mattzero.com.br\/wp-content\/uploads\/2024\/02\/Logo-MattZero-Branco-1.png","width":1002,"height":637,"caption":"MattZero Gest\u00e3o SaaS"},"image":{"@id":"https:\/\/mattzero.com.br\/#\/schema\/logo\/image\/"},"sameAs":["https:\/\/www.facebook.com\/mattzeroapp","https:\/\/www.linkedin.com\/company\/mattzero\/","https:\/\/www.instagram.com\/mattzeroapp\/"]}]}},"_links":{"self":[{"href":"https:\/\/mattzero.com.br\/en_us\/wp-json\/wp\/v2\/pages\/2218","targetHints":{"allow":["GET"]}}],"collection":[{"href":"https:\/\/mattzero.com.br\/en_us\/wp-json\/wp\/v2\/pages"}],"about":[{"href":"https:\/\/mattzero.com.br\/en_us\/wp-json\/wp\/v2\/types\/page"}],"author":[{"embeddable":true,"href":"https:\/\/mattzero.com.br\/en_us\/wp-json\/wp\/v2\/users\/9"}],"replies":[{"embeddable":true,"href":"https:\/\/mattzero.com.br\/en_us\/wp-json\/wp\/v2\/comments?post=2218"}],"version-history":[{"count":37,"href":"https:\/\/mattzero.com.br\/en_us\/wp-json\/wp\/v2\/pages\/2218\/revisions"}],"predecessor-version":[{"id":2271,"href":"https:\/\/mattzero.com.br\/en_us\/wp-json\/wp\/v2\/pages\/2218\/revisions\/2271"}],"wp:attachment":[{"href":"https:\/\/mattzero.com.br\/en_us\/wp-json\/wp\/v2\/media?parent=2218"}],"curies":[{"name":"wp","href":"https:\/\/api.w.org\/{rel}","templated":true}]}}